{"id":258,"date":"2017-05-17T22:54:29","date_gmt":"2017-05-17T20:54:29","guid":{"rendered":"https:\/\/www.lyoncanoe.com\/lyon-canoe\/"},"modified":"2024-07-17T12:15:59","modified_gmt":"2024-07-17T10:15:59","slug":"about-us","status":"publish","type":"page","link":"https:\/\/www.lyoncanoe.com\/en\/about-us\/","title":{"rendered":"About Us"},"content":{"rendered":"<p><div class=\"fusion-fullwidth fullwidth-box fusion-builder-row-1 nonhundred-percent-fullwidth non-hundred-percent-height-scrolling\" style=\"--awb-border-radius-top-left:0px;--awb-border-radius-top-right:0px;--awb-border-radius-bottom-right:0px;--awb-border-radius-bottom-left:0px;--awb-padding-top:50px;--awb-padding-right:50px;--awb-padding-bottom:50px;--awb-padding-left:50px;--awb-flex-wrap:wrap;\" ><div class=\"fusion-builder-row fusion-row\"><div class=\"fusion-layout-column fusion_builder_column fusion-builder-column-0 fusion_builder_column_3_5 3_5 fusion-three-fifth fusion-column-first\" style=\"--awb-bg-size:cover;width:60%;width:calc(60% - ( ( 4% ) * 0.6 ) );margin-right: 4%;\"><div class=\"fusion-column-wrapper fusion-flex-column-wrapper-legacy\"><div class=\"fusion-video fusion-youtube fusion-aligncenter\" style=\"--awb-max-width:600px;--awb-max-height:360px;--awb-width:100%;\"><div class=\"video-shortcode\"><div class=\"fluid-width-video-wrapper\" style=\"padding-top:60%;\" ><iframe title=\"YouTube video player 1\" src=\"https:\/\/www.youtube.com\/embed\/hqtpJ_uCDkY?wmode=transparent&autoplay=0\" width=\"600\" height=\"360\" allowfullscreen allow=\"autoplay; clipboard-write; encrypted-media; gyroscope; picture-in-picture;\"><\/iframe><\/div><\/div><\/div><div class=\"fusion-clearfix\"><\/div><\/div><\/div><div class=\"fusion-layout-column fusion_builder_column fusion-builder-column-1 fusion_builder_column_2_5 2_5 fusion-two-fifth fusion-column-last\" style=\"--awb-bg-size:cover;width:40%;width:calc(40% - ( ( 4% ) * 0.4 ) );\"><div class=\"fusion-column-wrapper fusion-flex-column-wrapper-legacy\"><div class=\"fusion-text fusion-text-1\"><h2>Guess \u2026<\/h2>\n<p><strong>Along the water, discovering Lyon on another side, navigating on the rivers of Lyon through an exceptional heritage.<\/strong><\/p>\n<p>From \u201cIle Barbe\u201d, we sail to the Industrial neighbourhood, the new Schuman bridge, the Subsistance neighbourhood, Vieux-Lyon \u2026<\/p>\n<p>Paddling through the city before discovering the new district of Confluence, a stop on the marina, before meeting the Rho\u0302ne-Sao\u0302ne confluence and then join our nautical base.<\/p>\n<p>With Lyon-Canoe\u0308, canoeing, kayaking, or stand-up paddling, share an exceptional experience.<\/p>\n<\/div><div class=\"fusion-clearfix\"><\/div><\/div><\/div><\/div><\/div><div class=\"fusion-fullwidth fullwidth-box fusion-builder-row-2 nonhundred-percent-fullwidth non-hundred-percent-height-scrolling fusion-equal-height-columns\" style=\"--awb-border-radius-top-left:0px;--awb-border-radius-top-right:0px;--awb-border-radius-bottom-right:0px;--awb-border-radius-bottom-left:0px;--awb-padding-top:50px;--awb-padding-right:50px;--awb-padding-bottom:50px;--awb-padding-left:50px;--awb-background-color:#f8f8f8;--awb-flex-wrap:wrap;\" ><div class=\"fusion-builder-row fusion-row\"><div class=\"fusion-layout-column fusion_builder_column fusion-builder-column-2 fusion_builder_column_1_2 1_2 fusion-one-half fusion-column-first\" style=\"--awb-bg-size:cover;width:50%;width:calc(50% - ( ( 4% ) * 0.5 ) );margin-right: 4%;\"><div class=\"fusion-column-wrapper fusion-flex-column-wrapper-legacy\"><div class=\"fusion-column-content-centered\"><div class=\"fusion-column-content\"><div class=\"fusion-text fusion-text-2\"><h2>OUR SERVICES INCLUDE:<\/h2>\n<ul>\n<li>The equipment transportation,<\/li>\n<li>Supervision by a qualified instructor (excluding rental)<\/li>\n<li>The insurance of the person<\/li>\n<li>The equipment (boats, paddles and life jackets)<\/li>\n<li>Waterproof bags \/ cans to carry extra clothes for the arrival<\/li>\n<\/ul>\n<p>When booking, you choose your course, the date and the duration of your activity.<\/p>\n<p>In case of departure upstream of our base, we do not provide shuttle service. You will have to go to the departure point via public transportation. The Lyon metropolis has many way to come upstream (metro, tram, bus, Ve\u0301lo\u2019v).<\/p>\n<\/div><\/div><\/div><div class=\"fusion-clearfix\"><\/div><\/div><\/div><div class=\"fusion-layout-column fusion_builder_column fusion-builder-column-3 fusion_builder_column_1_2 1_2 fusion-one-half fusion-column-last\" style=\"--awb-bg-size:cover;width:50%;width:calc(50% - ( ( 4% ) * 0.5 ) );\"><div class=\"fusion-column-wrapper fusion-flex-column-wrapper-legacy\"><div class=\"fusion-column-content-centered\"><div class=\"fusion-column-content\"><div class=\"fusion-image-element in-legacy-container\" style=\"--awb-caption-title-font-family:var(--h2_typography-font-family);--awb-caption-title-font-weight:var(--h2_typography-font-weight);--awb-caption-title-font-style:var(--h2_typography-font-style);--awb-caption-title-size:var(--h2_typography-font-size);--awb-caption-title-transform:var(--h2_typography-text-transform);--awb-caption-title-line-height:var(--h2_typography-line-height);--awb-caption-title-letter-spacing:var(--h2_typography-letter-spacing);\"><span class=\" fusion-imageframe imageframe-none imageframe-1 hover-type-none fusion-animated\" data-animationType=\"fadeInLeft\" data-animationDuration=\"0.3\" data-animationOffset=\"top-into-view\"><img decoding=\"async\" width=\"1400\" height=\"822\" title=\"Copie de Copie de Sans titre\" src=\"https:\/\/www.lyoncanoe.com\/wp-content\/uploads\/2020\/12\/copie-de-copie-de-sans-titre.png\" alt class=\"img-responsive wp-image-1154\" srcset=\"https:\/\/www.lyoncanoe.com\/wp-content\/uploads\/2020\/12\/copie-de-copie-de-sans-titre-200x117.png 200w, https:\/\/www.lyoncanoe.com\/wp-content\/uploads\/2020\/12\/copie-de-copie-de-sans-titre-400x235.png 400w, https:\/\/www.lyoncanoe.com\/wp-content\/uploads\/2020\/12\/copie-de-copie-de-sans-titre-600x352.png 600w, https:\/\/www.lyoncanoe.com\/wp-content\/uploads\/2020\/12\/copie-de-copie-de-sans-titre-800x470.png 800w, https:\/\/www.lyoncanoe.com\/wp-content\/uploads\/2020\/12\/copie-de-copie-de-sans-titre-1200x705.png 1200w, https:\/\/www.lyoncanoe.com\/wp-content\/uploads\/2020\/12\/copie-de-copie-de-sans-titre.png 1400w\" sizes=\"(max-width: 800px) 100vw, 600px\" \/><\/span><\/div><\/div><\/div><div class=\"fusion-clearfix\"><\/div><\/div><\/div><\/div><\/div><\/p>\n","protected":false},"excerpt":{"rendered":"","protected":false},"author":1,"featured_media":0,"parent":0,"menu_order":0,"comment_status":"closed","ping_status":"closed","template":"100-width.php","meta":{"inline_featured_image":false,"footnotes":""},"class_list":["post-258","page","type-page","status-publish","hentry"],"yoast_head":"<!-- This site is optimized with the Yoast SEO plugin v27.6 - https:\/\/yoast.com\/product\/yoast-seo-wordpress\/ -->\n<title>About Us - Lyon Cano\u00eb Paddle<\/title>\n<meta name=\"description\" content=\"Location de cano\u00eb \u00e0 Lyon Confluence, pour d\u00e9couvrir la ville par la Sa\u00f4ne ou le Rh\u00f4ne, ou apprendre et se perfectionner dans le maniement de la pagaie.\" \/>\n<meta name=\"robots\" content=\"index, follow, max-snippet:-1, max-image-preview:large, max-video-preview:-1\" \/>\n<link rel=\"canonical\" href=\"https:\/\/www.lyoncanoe.com\/en\/about-us\/\" \/>\n<meta property=\"og:locale\" content=\"en_US\" \/>\n<meta property=\"og:type\" content=\"article\" \/>\n<meta property=\"og:title\" content=\"About Us - Lyon Cano\u00eb Paddle\" \/>\n<meta property=\"og:description\" content=\"Location de cano\u00eb \u00e0 Lyon Confluence, pour d\u00e9couvrir la ville par la Sa\u00f4ne ou le Rh\u00f4ne, ou apprendre et se perfectionner dans le maniement de la pagaie.\" \/>\n<meta property=\"og:url\" content=\"https:\/\/www.lyoncanoe.com\/en\/about-us\/\" \/>\n<meta property=\"og:site_name\" content=\"Lyon Cano\u00eb Paddle\" \/>\n<meta property=\"article:publisher\" content=\"https:\/\/www.facebook.com\/Lyon-Cano%c3%ab-Lyon-SUP-790438054438782\/?fref=ts\" \/>\n<meta property=\"article:modified_time\" content=\"2024-07-17T10:15:59+00:00\" \/>\n<meta name=\"twitter:card\" content=\"summary_large_image\" \/>\n<meta name=\"twitter:label1\" content=\"Est. reading time\" \/>\n\t<meta name=\"twitter:data1\" content=\"3 minutes\" \/>\n<script type=\"application\/ld+json\" class=\"yoast-schema-graph\">{\"@context\":\"https:\\\/\\\/schema.org\",\"@graph\":[{\"@type\":\"WebPage\",\"@id\":\"https:\\\/\\\/www.lyoncanoe.com\\\/en\\\/about-us\\\/\",\"url\":\"https:\\\/\\\/www.lyoncanoe.com\\\/en\\\/about-us\\\/\",\"name\":\"About Us - Lyon Cano\u00eb Paddle\",\"isPartOf\":{\"@id\":\"https:\\\/\\\/www.lyoncanoe.com\\\/en\\\/#website\"},\"datePublished\":\"2017-05-17T20:54:29+00:00\",\"dateModified\":\"2024-07-17T10:15:59+00:00\",\"description\":\"Location de cano\u00eb \u00e0 Lyon Confluence, pour d\u00e9couvrir la ville par la Sa\u00f4ne ou le Rh\u00f4ne, ou apprendre et se perfectionner dans le maniement de la pagaie.\",\"breadcrumb\":{\"@id\":\"https:\\\/\\\/www.lyoncanoe.com\\\/en\\\/about-us\\\/#breadcrumb\"},\"inLanguage\":\"en-US\",\"potentialAction\":[{\"@type\":\"ReadAction\",\"target\":[\"https:\\\/\\\/www.lyoncanoe.com\\\/en\\\/about-us\\\/\"]}]},{\"@type\":\"BreadcrumbList\",\"@id\":\"https:\\\/\\\/www.lyoncanoe.com\\\/en\\\/about-us\\\/#breadcrumb\",\"itemListElement\":[{\"@type\":\"ListItem\",\"position\":1,\"name\":\"Accueil\",\"item\":\"https:\\\/\\\/www.lyoncanoe.com\\\/en\\\/\"},{\"@type\":\"ListItem\",\"position\":2,\"name\":\"About Us\"}]},{\"@type\":\"WebSite\",\"@id\":\"https:\\\/\\\/www.lyoncanoe.com\\\/en\\\/#website\",\"url\":\"https:\\\/\\\/www.lyoncanoe.com\\\/en\\\/\",\"name\":\"Lyon Cano\u00eb Paddle\",\"description\":\"Another way to discover Lyon !\",\"potentialAction\":[{\"@type\":\"SearchAction\",\"target\":{\"@type\":\"EntryPoint\",\"urlTemplate\":\"https:\\\/\\\/www.lyoncanoe.com\\\/en\\\/?s={search_term_string}\"},\"query-input\":{\"@type\":\"PropertyValueSpecification\",\"valueRequired\":true,\"valueName\":\"search_term_string\"}}],\"inLanguage\":\"en-US\"}]}<\/script>\n<!-- \/ Yoast SEO plugin. -->","yoast_head_json":{"title":"About Us - Lyon Cano\u00eb Paddle","description":"Location de cano\u00eb \u00e0 Lyon Confluence, pour d\u00e9couvrir la ville par la Sa\u00f4ne ou le Rh\u00f4ne, ou apprendre et se perfectionner dans le maniement de la pagaie.","robots":{"index":"index","follow":"follow","max-snippet":"max-snippet:-1","max-image-preview":"max-image-preview:large","max-video-preview":"max-video-preview:-1"},"canonical":"https:\/\/www.lyoncanoe.com\/en\/about-us\/","og_locale":"en_US","og_type":"article","og_title":"About Us - Lyon Cano\u00eb Paddle","og_description":"Location de cano\u00eb \u00e0 Lyon Confluence, pour d\u00e9couvrir la ville par la Sa\u00f4ne ou le Rh\u00f4ne, ou apprendre et se perfectionner dans le maniement de la pagaie.","og_url":"https:\/\/www.lyoncanoe.com\/en\/about-us\/","og_site_name":"Lyon Cano\u00eb Paddle","article_publisher":"https:\/\/www.facebook.com\/Lyon-Cano%c3%ab-Lyon-SUP-790438054438782\/?fref=ts","article_modified_time":"2024-07-17T10:15:59+00:00","twitter_card":"summary_large_image","twitter_misc":{"Est. reading time":"3 minutes"},"schema":{"@context":"https:\/\/schema.org","@graph":[{"@type":"WebPage","@id":"https:\/\/www.lyoncanoe.com\/en\/about-us\/","url":"https:\/\/www.lyoncanoe.com\/en\/about-us\/","name":"About Us - Lyon Cano\u00eb Paddle","isPartOf":{"@id":"https:\/\/www.lyoncanoe.com\/en\/#website"},"datePublished":"2017-05-17T20:54:29+00:00","dateModified":"2024-07-17T10:15:59+00:00","description":"Location de cano\u00eb \u00e0 Lyon Confluence, pour d\u00e9couvrir la ville par la Sa\u00f4ne ou le Rh\u00f4ne, ou apprendre et se perfectionner dans le maniement de la pagaie.","breadcrumb":{"@id":"https:\/\/www.lyoncanoe.com\/en\/about-us\/#breadcrumb"},"inLanguage":"en-US","potentialAction":[{"@type":"ReadAction","target":["https:\/\/www.lyoncanoe.com\/en\/about-us\/"]}]},{"@type":"BreadcrumbList","@id":"https:\/\/www.lyoncanoe.com\/en\/about-us\/#breadcrumb","itemListElement":[{"@type":"ListItem","position":1,"name":"Accueil","item":"https:\/\/www.lyoncanoe.com\/en\/"},{"@type":"ListItem","position":2,"name":"About Us"}]},{"@type":"WebSite","@id":"https:\/\/www.lyoncanoe.com\/en\/#website","url":"https:\/\/www.lyoncanoe.com\/en\/","name":"Lyon Cano\u00eb Paddle","description":"Another way to discover Lyon !","potentialAction":[{"@type":"SearchAction","target":{"@type":"EntryPoint","urlTemplate":"https:\/\/www.lyoncanoe.com\/en\/?s={search_term_string}"},"query-input":{"@type":"PropertyValueSpecification","valueRequired":true,"valueName":"search_term_string"}}],"inLanguage":"en-US"}]}},"_links":{"self":[{"href":"https:\/\/www.lyoncanoe.com\/en\/wp-json\/wp\/v2\/pages\/258","targetHints":{"allow":["GET"]}}],"collection":[{"href":"https:\/\/www.lyoncanoe.com\/en\/wp-json\/wp\/v2\/pages"}],"about":[{"href":"https:\/\/www.lyoncanoe.com\/en\/wp-json\/wp\/v2\/types\/page"}],"author":[{"embeddable":true,"href":"https:\/\/www.lyoncanoe.com\/en\/wp-json\/wp\/v2\/users\/1"}],"replies":[{"embeddable":true,"href":"https:\/\/www.lyoncanoe.com\/en\/wp-json\/wp\/v2\/comments?post=258"}],"version-history":[{"count":7,"href":"https:\/\/www.lyoncanoe.com\/en\/wp-json\/wp\/v2\/pages\/258\/revisions"}],"predecessor-version":[{"id":1557,"href":"https:\/\/www.lyoncanoe.com\/en\/wp-json\/wp\/v2\/pages\/258\/revisions\/1557"}],"wp:attachment":[{"href":"https:\/\/www.lyoncanoe.com\/en\/wp-json\/wp\/v2\/media?parent=258"}],"curies":[{"name":"wp","href":"https:\/\/api.w.org\/{rel}","templated":true}]}}